{"id":51,"date":"2023-11-12T12:18:12","date_gmt":"2023-11-12T11:18:12","guid":{"rendered":"https:\/\/simon.binder-agentur.de\/?page_id=51"},"modified":"2024-01-04T11:11:06","modified_gmt":"2024-01-04T10:11:06","slug":"hugo-wp","status":"publish","type":"page","link":"https:\/\/simon.binder-agentur.de\/","title":{"rendered":""},"content":{"rendered":"\n<div class=\"wp-block-group alignfull has-white-background-color has-background has-global-padding is-layout-constrained wp-block-group-is-layout-constrained\">\n<div class=\"wp-block-media-text has-media-on-the-right is-stacked-on-mobile\" style=\"grid-template-columns:auto 31%\"><div class=\"wp-block-media-text__content\">\n<p class=\"has-foreground-color has-text-color has-link-color wp-elements-8d901baa324fe1f5addbdd2d57fc9e3e\" style=\"font-size:clamp(31.152px, 1.947rem + ((1vw - 3.2px) * 2.484), 55px);line-height:0\"><strong>Blicke in Deine Zukunft!<\/strong><\/p>\n\n\n\n<p class=\"has-text-align-center has-foreground-color has-text-color has-link-color wp-elements-d1a416f43b10af7ca1845347b13a4700\">Gewinne durch Sozial Media Marketing gezielt<\/p>\n\n\n\n<p class=\"has-text-align-center has-primary-color has-text-color has-link-color wp-elements-b2b1a43efe493bf2efd26b7fafae9c64\" style=\"line-height:0\">neue Kunden aus deiner Zielgruppe!<\/p>\n<\/div><figure class=\"wp-block-media-text__media\"><img fetchpriority=\"high\" decoding=\"async\" width=\"1000\" height=\"1000\" src=\"https:\/\/simon.binder-agentur.de\/wp-content\/uploads\/2024\/01\/Rocket.png\" alt=\"\" class=\"wp-image-372 size-full\" srcset=\"https:\/\/simon.binder-agentur.de\/wp-content\/uploads\/2024\/01\/Rocket.png 1000w, https:\/\/simon.binder-agentur.de\/wp-content\/uploads\/2024\/01\/Rocket-300x300.png 300w, https:\/\/simon.binder-agentur.de\/wp-content\/uploads\/2024\/01\/Rocket-150x150.png 150w\" sizes=\"(max-width: 1000px) 100vw, 1000px\" \/><\/figure><\/div>\n<\/div>\n\n\n\n<div class=\"wp-block-group alignfull has-secondary-background-color has-background has-global-padding is-layout-constrained wp-block-group-is-layout-constrained\">\n<div style=\"height:35px\" aria-hidden=\"true\" class=\"wp-block-spacer\"><\/div>\n\n\n\n<h2 class=\"wp-block-heading has-text-align-center has-x-large-font-size\">Die Methode<\/h2>\n\n\n\n<figure class=\"wp-block-image aligncenter size-large is-resized\"><img decoding=\"async\" width=\"1024\" height=\"512\" src=\"https:\/\/simon.binder-agentur.de\/wp-content\/uploads\/2024\/01\/Die-Methode-1024x512.png\" alt=\"\" class=\"wp-image-353\" style=\"width:1154px;height:auto\" srcset=\"https:\/\/simon.binder-agentur.de\/wp-content\/uploads\/2024\/01\/Die-Methode-1024x512.png 1024w, https:\/\/simon.binder-agentur.de\/wp-content\/uploads\/2024\/01\/Die-Methode-300x150.png 300w, https:\/\/simon.binder-agentur.de\/wp-content\/uploads\/2024\/01\/Die-Methode.png 1512w\" sizes=\"(max-width: 1024px) 100vw, 1024px\" \/><\/figure>\n\n\n\n<div class=\"wp-block-group is-vertical is-content-justification-center is-layout-flex wp-container-core-group-is-layout-ce155fab wp-block-group-is-layout-flex\">\n<div class=\"wp-block-columns is-layout-flex wp-container-core-columns-is-layout-28f84493 wp-block-columns-is-layout-flex\">\n<div class=\"wp-block-column is-layout-flow wp-block-column-is-layout-flow\" style=\"flex-basis:100%\"><\/div>\n<\/div>\n<\/div>\n\n\n\n<div class=\"wp-block-columns is-layout-flex wp-container-core-columns-is-layout-28f84493 wp-block-columns-is-layout-flex\">\n<div class=\"wp-block-column is-layout-flow wp-block-column-is-layout-flow\" style=\"flex-basis:100%\">\n<div class=\"wp-block-columns is-layout-flex wp-container-core-columns-is-layout-28f84493 wp-block-columns-is-layout-flex\">\n<div class=\"wp-block-column is-layout-flow wp-block-column-is-layout-flow\">\n<div class=\"wp-block-group has-global-padding is-layout-constrained wp-block-group-is-layout-constrained\">\n<div class=\"wp-block-columns is-layout-flex wp-container-core-columns-is-layout-28f84493 wp-block-columns-is-layout-flex\">\n<div class=\"wp-block-column is-layout-flow wp-block-column-is-layout-flow\">\n<p class=\"has-text-align-center\" style=\"font-size:clamp(16.293px, 1.018rem + ((1vw - 3.2px) * 0.907), 25px);line-height:0.5\"><strong>Vorteil von Facebook-Werbung<\/strong><\/p>\n\n\n\n<p class=\"has-text-align-center\" style=\"font-size:clamp(16.293px, 1.018rem + ((1vw - 3.2px) * 0.907), 25px);line-height:0.5\"><strong>Kosten<\/strong>, um <strong>1000 Leute<\/strong> zu <strong>erreichen<\/strong>:<\/p>\n\n\n\n<p class=\"has-text-align-center\" style=\"font-size:clamp(16.293px, 1.018rem + ((1vw - 3.2px) * 0.907), 25px);line-height:0.5\">&#8211; Zeitung: <strong>32\u20ac<\/strong><\/p>\n\n\n\n<p class=\"has-text-align-center\" style=\"font-size:clamp(16.293px, 1.018rem + ((1vw - 3.2px) * 0.907), 25px);line-height:0.5\">&#8211; Radio: <strong>8\u20ac<\/strong><\/p>\n\n\n\n<p class=\"has-text-align-center\" style=\"font-size:clamp(16.293px, 1.018rem + ((1vw - 3.2px) * 0.907), 25px);line-height:0.5\">&#8211; TV: <strong>7\u20ac<\/strong><\/p>\n\n\n\n<p class=\"has-text-align-center\" style=\"font-size:clamp(16.293px, 1.018rem + ((1vw - 3.2px) * 0.907), 25px);line-height:0.5\">&#8211; Google Ads: <strong>3\u20ac<\/strong><\/p>\n\n\n\n<p class=\"has-text-align-center\" style=\"font-size:clamp(16.293px, 1.018rem + ((1vw - 3.2px) * 0.907), 25px);line-height:0.5\">&#8211; <strong>Facebook Ads: 0,25\u20ac<\/strong><\/p>\n\n\n\n<div class=\"wp-block-columns is-layout-flex wp-container-core-columns-is-layout-28f84493 wp-block-columns-is-layout-flex\">\n<div class=\"wp-block-column is-layout-flow wp-block-column-is-layout-flow\" style=\"flex-basis:100%\"><\/div>\n<\/div>\n<\/div>\n<\/div>\n<\/div>\n<\/div>\n<\/div>\n<\/div>\n<\/div>\n<\/div>\n\n\n\n<div class=\"wp-block-group alignfull has-white-background-color has-background has-global-padding is-layout-constrained wp-block-group-is-layout-constrained\" style=\"margin-top:0px\">\n<div style=\"height:35px\" aria-hidden=\"true\" class=\"wp-block-spacer\"><\/div>\n\n\n\n<h2 class=\"wp-block-heading has-text-align-center has-foreground-color has-text-color has-link-color has-x-large-font-size wp-elements-26cf3bd135c04f1e02ef8632126508d2\">Deine Vorteile<\/h2>\n\n\n\n<div class=\"wp-block-columns has-smaller-left-margin is-layout-flex wp-container-core-columns-is-layout-28f84493 wp-block-columns-is-layout-flex\">\n<div class=\"wp-block-column is-style-shadow has-background-background-color has-background is-layout-flow wp-container-core-column-is-layout-dba16a7e wp-block-column-is-layout-flow\" style=\"padding-top:0;padding-right:0;padding-bottom:0;padding-left:0\">\n<div class=\"wp-block-group has-background-color has-secondary-background-color has-text-color has-background is-layout-flow wp-block-group-is-layout-flow\" style=\"border-style:none;border-width:0px;border-radius:0px;padding-top:20px;padding-right:30px;padding-bottom:20px;padding-left:30px\">\n<figure class=\"wp-block-image aligncenter size-full is-resized\"><img decoding=\"async\" src=\"https:\/\/simon.binder-agentur.de\/wp-content\/uploads\/2024\/01\/Rocket.png\" alt=\"\" class=\"wp-image-309\" style=\"width:176px;height:auto\"\/><\/figure>\n<\/div>\n\n\n\n<div class=\"wp-block-group is-layout-flow wp-container-core-group-is-layout-8a7de2ab wp-block-group-is-layout-flow\" style=\"border-style:none;border-width:0px;padding-top:40px;padding-right:40px;padding-bottom:40px;padding-left:40px\">\n<h2 class=\"wp-block-heading has-text-align-center has-primary-color has-text-color has-link-color wp-elements-4a526855579323817bbb24c8fc18a815\" style=\"font-size:clamp(18.959px, 1.185rem + ((1vw - 3.2px) * 1.15), 30px);\">Kostenlose Testwoche<\/h2>\n\n\n\n<hr class=\"wp-block-separator has-text-color has-primary-color has-alpha-channel-opacity has-primary-background-color has-background is-style-wide\"\/>\n\n\n\n<p class=\"has-text-align-center has-primary-color has-text-color has-link-color has-small-font-size wp-elements-13fd9db15a6d397ccc080ef9e952a4f3\">Du kannst mein Angebot kostenlos* eine Woche lang testen.<\/p>\n\n\n\n<p class=\"has-text-align-center has-primary-color has-text-color has-link-color wp-elements-a6b7dc756d885c8c85d81efd15849afb\">Kostenlose Zielgruppenanalyse und Erstellung der Werbeanzeige.<\/p>\n\n\n\n<p class=\"has-text-align-center has-primary-color has-text-color has-link-color wp-elements-a59b0a1ff7ee473eb3def5fc8357fcdf\">Alle Kundendaten gehen Exklusiv nur an DICH !<\/p>\n<\/div>\n\n\n\n<p class=\"has-primary-color has-text-color has-link-color wp-elements-c361ea06ef4e6919d3b8f4b39bbc99c1\">*Du zahlst nur das sehr geringe Werbebudget!<\/p>\n<\/div>\n\n\n\n<div class=\"wp-block-column is-style-shadow has-background-background-color has-background is-layout-flow wp-container-core-column-is-layout-dba16a7e wp-block-column-is-layout-flow\" style=\"border-style:none;border-width:0px;padding-top:0;padding-right:0;padding-bottom:0;padding-left:0\">\n<div class=\"wp-block-group has-background-color has-tertiary-background-color has-text-color has-background has-global-padding is-layout-constrained wp-container-core-group-is-layout-4a803732 wp-block-group-is-layout-constrained\" style=\"border-radius:0px;padding-top:20px;padding-right:30px;padding-bottom:20px;padding-left:30px\">\n<div class=\"wp-block-group has-global-padding is-layout-constrained wp-block-group-is-layout-constrained\">\n<figure class=\"wp-block-image aligncenter size-full is-resized\"><img decoding=\"async\" src=\"https:\/\/simon.binder-agentur.de\/wp-content\/uploads\/2024\/01\/Chart.png\" alt=\"\" class=\"wp-image-307\" style=\"width:176px;height:auto\"\/><\/figure>\n<\/div>\n<\/div>\n\n\n\n<div class=\"wp-block-group has-global-padding is-layout-constrained wp-container-core-group-is-layout-c1694ee5 wp-block-group-is-layout-constrained\" style=\"border-style:none;border-width:0px;padding-top:40px;padding-right:40px;padding-bottom:40px;padding-left:40px\">\n<p class=\"has-text-align-center has-primary-color has-text-color has-link-color wp-elements-350a58017d528ea614edc716db58bbc5\" style=\"font-size:clamp(18.959px, 1.185rem + ((1vw - 3.2px) * 1.15), 30px);\"><strong>Messbar<\/strong><\/p>\n\n\n\n<hr class=\"wp-block-separator has-text-color has-primary-color has-alpha-channel-opacity has-primary-background-color has-background is-style-wide\"\/>\n\n\n\n<p class=\"has-text-align-center has-primary-color has-text-color has-link-color has-small-font-size wp-elements-e4fd6ba54b69fd52096e42a6eb596db6\">Ich verlasse mich nicht auf Vermutungen, sondern z\u00e4hle auf Zahlen, Daten und Fakten!<\/p>\n\n\n\n<p class=\"has-text-align-center has-primary-color has-text-color has-link-color wp-elements-96930f3813873f64d8b3d0d7c57f4ca2\">Ich orientiere mich dabei an Impressionen, Reichweite, Kosten und Interaktionen mit der Werbeanzeige.<\/p>\n<\/div>\n<\/div>\n\n\n\n<div class=\"wp-block-column is-style-shadow has-background-background-color has-background is-layout-flow wp-container-core-column-is-layout-dba16a7e wp-block-column-is-layout-flow\" style=\"border-style:none;border-width:0px;padding-top:0;padding-right:0;padding-bottom:0;padding-left:0\">\n<div class=\"wp-block-group has-background-color has-secondary-background-color has-text-color has-background has-global-padding is-layout-constrained wp-container-core-group-is-layout-4a803732 wp-block-group-is-layout-constrained\" style=\"border-radius:0px;padding-top:20px;padding-right:30px;padding-bottom:20px;padding-left:30px\">\n<figure class=\"wp-block-image aligncenter size-full is-resized\"><img decoding=\"async\" src=\"https:\/\/simon.binder-agentur.de\/wp-content\/uploads\/2024\/01\/Rettungsring.png\" alt=\"\" class=\"wp-image-365\" style=\"width:176px;height:auto\"\/><\/figure>\n<\/div>\n\n\n\n<div class=\"wp-block-group has-global-padding is-layout-constrained wp-container-core-group-is-layout-c1694ee5 wp-block-group-is-layout-constrained\" style=\"border-style:none;border-width:0px;padding-top:40px;padding-right:40px;padding-bottom:40px;padding-left:40px\">\n<h2 class=\"wp-block-heading has-text-align-center has-primary-color has-text-color has-link-color wp-elements-83d3045a0fef4935f6fd28ba5af3e923\" style=\"font-size:clamp(18.959px, 1.185rem + ((1vw - 3.2px) * 1.15), 30px);\">Immer f\u00fcr dich da<\/h2>\n\n\n\n<hr class=\"wp-block-separator has-text-color has-primary-color has-alpha-channel-opacity has-primary-background-color has-background is-style-wide\"\/>\n\n\n\n<p class=\"has-text-align-center has-primary-color has-text-color has-link-color has-small-font-size wp-elements-e5b8ab0eb693effe853b9ca31f10a121\">W\u00e4hrend der Kampagne bin ich immer (auch am Wochenende) f\u00fcr dich erreichbar und stehe dir bei allen Fragen rund um die Kampagne und Fragen zum Umgang mit den Kontakten zur Seite.<\/p>\n<\/div>\n<\/div>\n<\/div>\n\n\n\n<div style=\"height:57px\" aria-hidden=\"true\" class=\"wp-block-spacer\"><\/div>\n\n\n\n<div style=\"height:0px\" aria-hidden=\"true\" class=\"wp-block-spacer\"><\/div>\n<\/div>\n\n\n\n<div class=\"wp-block-group alignfull has-secondary-background-color has-background has-global-padding is-layout-constrained wp-block-group-is-layout-constrained\">\n<div class=\"wp-block-media-text has-media-on-the-right is-stacked-on-mobile\" style=\"grid-template-columns:auto 30%\"><div class=\"wp-block-media-text__content\">\n<h2 class=\"wp-block-heading\">\u00dcber mich<\/h2>\n\n\n\n<p>Mein Name ist Simon Binder, ich bin 33 Jahre alt und komme aus Karlsruhe.<\/p>\n\n\n\n<p><\/p>\n<\/div><figure class=\"wp-block-media-text__media\"><img decoding=\"async\" width=\"768\" height=\"1024\" src=\"https:\/\/simon.binder-agentur.de\/wp-content\/uploads\/2024\/01\/P6020014-Kopie-768x1024.jpg\" alt=\"\" class=\"wp-image-266 size-full\" srcset=\"https:\/\/simon.binder-agentur.de\/wp-content\/uploads\/2024\/01\/P6020014-Kopie-768x1024.jpg 768w, https:\/\/simon.binder-agentur.de\/wp-content\/uploads\/2024\/01\/P6020014-Kopie-225x300.jpg 225w, https:\/\/simon.binder-agentur.de\/wp-content\/uploads\/2024\/01\/P6020014-Kopie.jpg 1004w\" sizes=\"(max-width: 768px) 100vw, 768px\" \/><\/figure><\/div>\n<\/div>\n\n\n\n<div class=\"wp-block-group alignfull has-foreground-color has-white-background-color has-text-color has-background has-link-color wp-elements-2e3fc6160c5f19a9ee068dc14368fb2d has-global-padding is-layout-constrained wp-block-group-is-layout-constrained\">\n<h2 class=\"wp-block-heading has-foreground-color has-text-color has-link-color wp-elements-77cb9bc69b019400546862ac38cf2f90\">Was unterscheidet mich von anderen Anbietern?&nbsp;<\/h2>\n\n\n\n<div class=\"wp-block-group has-global-padding is-layout-constrained wp-block-group-is-layout-constrained\">\n<div class=\"wp-block-group has-global-padding is-layout-constrained wp-block-group-is-layout-constrained\">\n<div class=\"wp-block-group is-vertical is-layout-flex wp-container-core-group-is-layout-e1300cac wp-block-group-is-layout-flex\">\n<div class=\"wp-block-group is-vertical is-content-justification-left is-layout-flex wp-container-core-group-is-layout-dd225191 wp-block-group-is-layout-flex\">\n<p class=\"has-foreground-color has-text-color has-link-color has-medium-font-size wp-elements-893b6481f1187df89e5fcc2a3bf28b02\" style=\"line-height:1\">Es gibt viele Agenturen, die einem mehr Umsatz und Gewinn versprechen.&nbsp;<\/p>\n\n\n\n<p class=\"has-foreground-color has-text-color has-link-color has-medium-font-size wp-elements-eb09f1a2e525978c872ccc16f587e2c4\" style=\"line-height:1\">Leider k\u00f6nnen die meisten keine wirklichen Ergebnisse liefern.<\/p>\n\n\n\n<p class=\"has-white-color has-text-color has-link-color has-medium-font-size wp-elements-c93503d2008d647a55460f65b40c3222\" style=\"line-height:1\">Ich bin anders, meine Kundenergebnisse sprechen f\u00fcr sich.<\/p>\n\n\n\n<p class=\"has-foreground-color has-text-color has-link-color has-medium-font-size wp-elements-bc8d94df921a71acf33ff42831e3e201\" style=\"line-height:1\">Folgende Punkte unterscheiden mich von vielen der anderen Anbietern im Online-Marketing:&nbsp;<\/p>\n<\/div>\n<\/div>\n<\/div>\n<\/div>\n\n\n\n<ul class=\"has-foreground-color has-text-color has-link-color wp-block-list wp-elements-89f6b97a780c33ab19014a4aa374092f\">\n<li>Ich biete Dir eine <strong>KOSTENLOSE TESTWOCHE<\/strong> an, um uns kennenzulernen und zu schauen, ob wir zusammenpassen.&nbsp;<\/li>\n\n\n\n<li>Ich komme vorab f\u00fcr ein Gespr\u00e4ch <strong>PERS\u00d6NLICH<\/strong> zu euch, um einen Eindruck von Dir, vom Studio und der Atmosph\u00e4re zu gewinnen.<\/li>\n\n\n\n<li>Ich bin <strong>authentisch<\/strong>, <strong>ehrlich<\/strong>, mache auch mal Fehler und gebe diese zu. &nbsp;<\/li>\n\n\n\n<li>Ich arbeite <strong>transparent<\/strong> mit meinen Kunden zusammen. &nbsp;<\/li>\n\n\n\n<li>Durch mein Modell kann <strong>100% nachvollzogen<\/strong> werden, welche und wie viele Kunden durch die Werbung tats\u00e4chlich den Weg ins Unternehmen finden. &nbsp;<\/li>\n\n\n\n<li>Bei mir handelt es sich um ein <strong>komplettes Paket <\/strong>(Strategieentwicklung, Verkaufsgespr\u00e4ch-Analyse, Video Schnitt, Wording, Splittest, \u00dcberwachung und Optimierung der Anzeige, Leitfaden f\u00fcr Telefonat und SMS etc.) und <strong>nicht nur<\/strong>, um das <strong>Aufsetzen<\/strong> und Ausstrahlen einer <strong>Werbeanzeige<\/strong>.&nbsp;<\/li>\n\n\n\n<li>Wenn ich nicht gerade schlafe, bin ich f\u00fcr Dich <strong>immer <\/strong>per Whats-App und Anruf <strong>erreichbar<\/strong>. (auch an Samstagen und Sonntagen)<\/li>\n<\/ul>\n\n\n\n<p><\/p>\n<\/div>\n","protected":false},"excerpt":{"rendered":"<p>Blicke in Deine Zukunft! Gewinne durch Sozial Media Marketing gezielt neue Kunden aus deiner Zielgruppe! Die Methode Vorteil von Facebook-Werbung Kosten, um 1000 Leute zu erreichen: &#8211; Zeitung: 32\u20ac &#8211; Radio: 8\u20ac &#8211; TV: 7\u20ac &#8211; Google Ads: 3\u20ac &#8211; Facebook Ads: 0,25\u20ac Deine Vorteile Kostenlose Testwoche Du kannst mein Angebot kostenlos* eine Woche lang &hellip; <\/p>\n<p class=\"link-more\"><a href=\"https:\/\/simon.binder-agentur.de\/\" class=\"more-link\">Mehr <span class=\"screen-reader-text\">\u00fcber &#8222;&#8220; <\/span>Lesen<\/a><\/p>\n","protected":false},"author":1,"featured_media":0,"parent":0,"menu_order":0,"comment_status":"closed","ping_status":"closed","template":"","meta":{"footnotes":""},"class_list":["post-51","page","type-page","status-publish","hentry"],"featured_media_urls":[],"_links":{"self":[{"href":"https:\/\/simon.binder-agentur.de\/index.php?rest_route=\/wp\/v2\/pages\/51","targetHints":{"allow":["GET"]}}],"collection":[{"href":"https:\/\/simon.binder-agentur.de\/index.php?rest_route=\/wp\/v2\/pages"}],"about":[{"href":"https:\/\/simon.binder-agentur.de\/index.php?rest_route=\/wp\/v2\/types\/page"}],"author":[{"embeddable":true,"href":"https:\/\/simon.binder-agentur.de\/index.php?rest_route=\/wp\/v2\/users\/1"}],"replies":[{"embeddable":true,"href":"https:\/\/simon.binder-agentur.de\/index.php?rest_route=%2Fwp%2Fv2%2Fcomments&post=51"}],"version-history":[{"count":80,"href":"https:\/\/simon.binder-agentur.de\/index.php?rest_route=\/wp\/v2\/pages\/51\/revisions"}],"predecessor-version":[{"id":405,"href":"https:\/\/simon.binder-agentur.de\/index.php?rest_route=\/wp\/v2\/pages\/51\/revisions\/405"}],"wp:attachment":[{"href":"https:\/\/simon.binder-agentur.de\/index.php?rest_route=%2Fwp%2Fv2%2Fmedia&parent=51"}],"curies":[{"name":"wp","href":"https:\/\/api.w.org\/{rel}","templated":true}]}}